{"id":208508,"date":"2024-09-10T08:55:57","date_gmt":"2024-09-10T06:55:57","guid":{"rendered":"https:\/\/philipstoll.de\/?page_id=208508"},"modified":"2024-09-10T08:56:44","modified_gmt":"2024-09-10T06:56:44","slug":"oekologie-des-bewusstseins","status":"publish","type":"page","link":"https:\/\/philipstoll.de\/en\/oekologie-des-bewusstseins\/","title":{"rendered":"\u00d6kologie des Bewustseins"},"content":{"rendered":"<p>[et_pb_section fb_built=&#8220;1&#8243; _builder_version=&#8220;4.16&#8243; _module_preset=&#8220;default&#8220; global_colors_info=&#8220;{}&#8220;][et_pb_row _builder_version=&#8220;4.16&#8243; _module_preset=&#8220;default&#8220; width=&#8220;51%&#8220; custom_margin=&#8220;0px||||false|false&#8220; custom_padding=&#8220;100px||||false|false&#8220; global_colors_info=&#8220;{}&#8220;][et_pb_column type=&#8220;4_4&#8243; _builder_version=&#8220;4.16&#8243; _module_preset=&#8220;default&#8220; global_colors_info=&#8220;{}&#8220;][et_pb_video src=&#8220;https:\/\/youtu.be\/ln_NsY3b6qs?feature=shared&#8220; _builder_version=&#8220;4.24.2&#8243; _module_preset=&#8220;default&#8220; db_limit_youtube_related_videos_to_same_channel=&#8220;on&#8220; global_colors_info=&#8220;{}&#8220;][\/et_pb_video][et_pb_text _builder_version=&#8220;4.24.2&#8243; _module_preset=&#8220;default&#8220; text_font_size=&#8220;21px&#8220; text_line_height=&#8220;1.4em&#8220; width=&#8220;100%&#8220; custom_padding=&#8220;77px||||false|false&#8220; global_colors_info=&#8220;{}&#8220;]<\/p>\n<p><strong><span class=\"style-scope yt-formatted-string\" dir=\"auto\">ECOLOGY OF CONSCIOUSNESS<\/span><\/strong><\/p>\n<p><span class=\"style-scope yt-formatted-string\" dir=\"auto\">\u00c4u\u00dfere und innere Handlungsperspektiven f\u00fcr eine Zukunft, die wir lieben&#8230;<\/span><\/p>\n<p>Philip Stoll gr\u00fcndete 2021 mit der fakt21 Kulturgemeinschaft Bochum, gef\u00f6rdert durch die Stiftung f\u00fcr Umwelt und Entwicklung NRW, das Netzwerk \u00d6kologie des Bewusstseins. Er bringt damit Zeitfragen des Klimawandels und der \u00f6kologischen Krise aus kultureller Perspektive in ein \u00f6ffentliches Gespr\u00e4ch.<\/p>\n<p><span class=\"style-scope yt-formatted-string\" dir=\"auto\">Massives Artensterben, Ozeanverschmutzung, Trockenheit, \u00dcberschwemmungen. Ein starker Weckruf geht durch die Welt: wir befinden uns in einer \u00f6kologischen Krise! Diese Einsicht k\u00f6nnte in unserer globalen Gemeinschaft zu einer nachhaltigen Transformation f\u00fchren. Mehr und mehr r\u00fcckt die Krise auch ins politische Bewusstsein. 2020 hat die EU-Kommission ihre \u201cBiodiversit\u00e4tsstrategie 2030\u201d vorgelegt. Es sollen z.B. der Pestizideinsatz verringert, und 25.000 Flusskilometer wieder in frei flie\u00dfende, wesensgem\u00e4\u00dfe Wasserl\u00e4ufe umgewandelt werden. Ganze Regionen k\u00f6nnen wir renaturieren und kultivieren. Das zeigen uns Beispiele wie die Renaturierung der Havel. Wie entsteht also eine tiefere Beziehung zu unserer lebendigen Mitwelt und aus dieser ein Wille zur Umsetzung? Wie gelingt Transformation heute? Gibt es auch \u201cinnere Landschaften\u201d, die entdeckt und gepflegt werden m\u00fcssen und aus denen Visionen und neue Handlungsperspektiven entstehen?<br \/><\/span><\/p>\n<p><span class=\"style-scope yt-formatted-string\" dir=\"auto\">Gesucht wird eine \u00d6kologie des Bewusstseins, mit der die Erde jetzt und hier gestaltet werden kann. In einem lebendigen Austausch tragen 9 Vision\u00e4r*Innen aus Landwirtschaft, Kultur, Naturschutz, Politik, Umweltbildung und Ph\u00e4nomenologie, zu einem inspirierenden Gesamtbild bei, das erlebbar macht, mit welchen Potentialen wir leben und wie wir diese verwirklichen k\u00f6nnen.<br \/><\/span><\/p>\n<p><strong><span class=\"style-scope yt-formatted-string\" dir=\"auto\">MIT: <\/span><\/strong><span class=\"style-scope yt-formatted-string\" dir=\"auto\">Dr. Heinrich Bottermann (Staatssekret\u00e4r im Ministerium f\u00fcr Umwelt, Landwirtschaft, Natur- und Verbraucherschutz NRW) &#8211; Nikolai Fuchs (Vorstandsmitglied der GLS Treuhand, Aufsichtsratsvorsitzender bei BioBoden) &#8211; Dr. Hildegard Kurt (Kulturwissenschaftlerin, Co-Initiatorin ERDFEST-Initiative, Und.Institut f\u00fcr Kunst, Kultur &amp; Zukunftsf\u00e4higkeit e.V.) &#8211; Dr.-Ing. Rocco Buchta (Projektleiter Renaturierung untere Havelregion, Leiter NABU Institut f\u00fcr Fluss- und Auen\u00f6kologie, Bundesfachausschuss \u201eLebendige Fl\u00fcsse\u201c NABU) &#8211; Leila Dregger (Journalistin, Aktivistin, Mitarbeiterin von Tamera Peace Research Center, Portugal) &#8211; Dr. Manfred Schleyer (Leiter des Instituts f\u00fcr Str\u00f6mungswissenschaften Herrischried) &#8211; Hans-Christian Zehnter (Autor, Ph\u00e4nomenologe, goetheanistisch-\u00e4sthetischer Naturforscher) &#8211; Dr. Tobias Hartkemeyer (Demeter SoLaWi Landwirt, Vorstandsmitglied des European Network for Dialogue Facilitation, Expert Fellow Akademie f\u00fcr Potentialentfaltung) &#8211; PD Dr. Hans-Christoph Vahle (Leiter der Akademie f\u00fcr Angewandte Vegetationskunde, Feldbotaniker, Pflanzensoziologe) <\/span><\/p>\n<p><span class=\"style-scope yt-formatted-string\" dir=\"auto\">\u00a0<\/span><\/p>\n<p>[\/et_pb_text][\/et_pb_column][\/et_pb_row][\/et_pb_section][et_pb_section fb_built=&#8220;1&#8243; _builder_version=&#8220;4.16&#8243; _module_preset=&#8220;default&#8220; global_colors_info=&#8220;{}&#8220;][\/et_pb_section]<\/p>","protected":false},"excerpt":{"rendered":"<p>\u00d6KOLOGIE DES BEWUSSTSEINS \u00c4u\u00dfere und innere Handlungsperspektiven f\u00fcr eine Zukunft, die wir lieben&#8230; Philip Stoll gr\u00fcndete 2021 mit der fakt21 Kulturgemeinschaft Bochum, gef\u00f6rdert durch die Stiftung f\u00fcr Umwelt und Entwicklung NRW, das Netzwerk \u00d6kologie des Bewusstseins. Er bringt damit Zeitfragen des Klimawandels und der \u00f6kologischen Krise aus kultureller Perspektive in ein \u00f6ffentliches Gespr\u00e4ch. Massives Artensterben, [&hellip;]<\/p>","protected":false},"author":3,"featured_media":0,"parent":0,"menu_order":0,"comment_status":"closed","ping_status":"closed","template":"","meta":{"_et_pb_use_builder":"on","_et_pb_old_content":"","_et_gb_content_width":"","footnotes":""},"class_list":["post-208508","page","type-page","status-publish","hentry"],"_links":{"self":[{"href":"https:\/\/philipstoll.de\/en\/wp-json\/wp\/v2\/pages\/208508","targetHints":{"allow":["GET"]}}],"collection":[{"href":"https:\/\/philipstoll.de\/en\/wp-json\/wp\/v2\/pages"}],"about":[{"href":"https:\/\/philipstoll.de\/en\/wp-json\/wp\/v2\/types\/page"}],"author":[{"embeddable":true,"href":"https:\/\/philipstoll.de\/en\/wp-json\/wp\/v2\/users\/3"}],"replies":[{"embeddable":true,"href":"https:\/\/philipstoll.de\/en\/wp-json\/wp\/v2\/comments?post=208508"}],"version-history":[{"count":6,"href":"https:\/\/philipstoll.de\/en\/wp-json\/wp\/v2\/pages\/208508\/revisions"}],"predecessor-version":[{"id":208516,"href":"https:\/\/philipstoll.de\/en\/wp-json\/wp\/v2\/pages\/208508\/revisions\/208516"}],"wp:attachment":[{"href":"https:\/\/philipstoll.de\/en\/wp-json\/wp\/v2\/media?parent=208508"}],"curies":[{"name":"wp","href":"https:\/\/api.w.org\/{rel}","templated":true}]}}