{"id":208101,"date":"2022-10-10T19:21:58","date_gmt":"2022-10-10T19:21:58","guid":{"rendered":"https:\/\/philipstoll.de\/?page_id=208101"},"modified":"2024-09-10T09:35:02","modified_gmt":"2024-09-10T07:35:02","slug":"heilwald-projekt","status":"publish","type":"page","link":"https:\/\/philipstoll.de\/en\/heilwald-projekt\/","title":{"rendered":"Heilwald Bad Sobernheim"},"content":{"rendered":"<p>[et_pb_section fb_built=&#8220;1&#8243; _builder_version=&#8220;4.16&#8243; _module_preset=&#8220;default&#8220; global_colors_info=&#8220;{}&#8220;][et_pb_row _builder_version=&#8220;4.16&#8243; _module_preset=&#8220;default&#8220; width=&#8220;51%&#8220; custom_margin=&#8220;0px||||false|false&#8220; custom_padding=&#8220;100px||||false|false&#8220; global_colors_info=&#8220;{}&#8220;][et_pb_column type=&#8220;4_4&#8243; _builder_version=&#8220;4.16&#8243; _module_preset=&#8220;default&#8220; global_colors_info=&#8220;{}&#8220;][et_pb_image src=&#8220;https:\/\/philipstoll.de\/wp-content\/uploads\/2022\/10\/Hubertus-Lust-e1665428224888.jpeg&#8220; title_text=&#8220;Hubertus Lust&#8220; _builder_version=&#8220;4.16&#8243; _module_preset=&#8220;default&#8220; global_colors_info=&#8220;{}&#8220;][\/et_pb_image][et_pb_text admin_label=&#8220;Text&#8220; _builder_version=&#8220;4.16&#8243; text_font_size=&#8220;12&#8243; background_size=&#8220;initial&#8220; background_position=&#8220;top_left&#8220; background_repeat=&#8220;repeat&#8220; use_border_color=&#8220;off&#8220; border_color=&#8220;#ffffff&#8220; border_style=&#8220;solid&#8220; global_colors_info=&#8220;{}&#8220;]<\/p>\n<p>Studio-Kontaktkarte von 12 Farbnegativen (Work in Progress), 21x30cm, auf Hubertuslust, Heilwald Bad Sobernheim, Mai 2022<\/p>\n<p>[\/et_pb_text][et_pb_text _builder_version=&#8220;4.16&#8243; _module_preset=&#8220;default&#8220; text_font_size=&#8220;21px&#8220; text_line_height=&#8220;1.4em&#8220; width=&#8220;100%&#8220; custom_padding=&#8220;77px||||false|false&#8220; global_colors_info=&#8220;{}&#8220;]<\/p>\n<p><strong>Potentiale des Felke Heil- und Aktivwaldes in Bad Sobernheim entfalten<br \/><\/strong><\/p>\n<p><em>(Pressemitteilung Forstamt\/Stadtverwaltung\/Heimatmuseum, 7. Oktober 2022, Bad Sobernheim)<\/em><\/p>\n<p>Zeit im Wald zu verbringen kann heilsam sein?<\/p>\n<p>In Bad Sobernheim treffen sich seit Mai 2022 unterschiedlichste Akteur*innen, um den Stadtforst zug\u00e4nglich zu machen f\u00fcr die sogenannte Heilwaldkultur. Das Konzept stammt urspr\u00fcnglich aus Japan, unter dem Namen Waldbaden. Angestrebt wird ein intensiver Kontakt mit dem Wald, der schon nach wenigen Stunden heilsam auf Psyche, K\u00f6rper und Geist wirken kann. Auch wissenschaftlich ist das Thema schon erforscht \u2013 wenige Stunden schon k\u00f6nnen zur Regeneration f\u00fchren. Entscheidend ist nur: sich der lebendigen Mitwelt zuwenden, aufmerksam sein, sich ganz einlassen.<\/p>\n<p>Dabei wird in Bad Sobernheim nicht nur Wald gebadet, sondern \u2013 ganz nach Pastor Felke \u2013 auch Luft, Licht und Lehm. Zur Erfahrung des Lehmes haben sich die Akteur*innen etwas ganz Besonderes ausgedacht: entlang des Weges wird eine Lehmh\u00f6hle zu finden sein, in der die Atmosph\u00e4re des Lehms und seine ger\u00e4uschd\u00e4mmenden und beruhigenden Eigenschaften hautnah erlebbar sein werden. Aber auch f\u00fcr das Luftbad sind \u00fcberraschende Installationen geplant. K\u00fcnstlerisch moderiert wird dieser Prozess der interdisziplin\u00e4ren Zusammenarbeit von Philip Stoll.<\/p>\n<p>Das Gr\u00fcne Klassenzimmer oder diverse Akteur*innen aus Therapie, Bildung und Freizeit wollen den Ort zuk\u00fcnftig als ihren neuen Raum im Freien nutzen. Von hier aus kann die barrierefreie ca. 1 km lange Runde mit allen Sinnen wahrgenommen werden.<\/p>\n<p>Initiiert wurde der Felkewald durch das Forstamt Bad Sobernheim als LEADER-gef\u00f6rdertes Projekt durch die Verbandsgemeinde Nahe-Glan.<\/p>\n<p>Erarbeitet wird das Konzept nun schon 2018 mit einer Vielzahl kommunaler und privater Akteur*innen. Bad Sobernheimer aus Politik, Therapie, Medizin, Sport, Bildung, Altenpflege, unterschiedlichen Vereinen und der Forstwirtschaft sind aktiv an den Planungen und Ideen beteiligt. In mehreren Workshops erarbeiten die Akteur*innen Zuwendungskonzepte, die f\u00fcr den jeweiligen Nutzungsbereich, z.B. in der Therapie pr\u00e4ventiv, wirksam sein k\u00f6nnen. Das Waldwahrnehmung soll leicht verst\u00e4ndlich und mit oder ohne Anleitung zug\u00e4nglich sein. Im Bereich der Bildung werden Konzepte gesucht, die in den Schul- oder Kindergartenalltag einfach integrierbar sind.<\/p>\n<p>Moderiert werden die Workshops und der Gestaltungs-Prozess vom bildenden K\u00fcnstler Philip Stoll. Dieser besch\u00e4ftigt sich in seinem Werk mit der Frage, wie wir unserer Mitwelt eine gesteigerte Aufmerksamkeit schenken k\u00f6nnen. Er erforscht mit k\u00fcnstlerischen Mitteln, wie unsere Zuwendung der Natur gegen\u00fcber positiv auf uns und unsere Mitwelt wirkt. Als K\u00fcnstler liegt ihm somit auch die soziale Prozessgestaltung am Herzen. F\u00fcr Bad Sobernheim moderiert er deshalb die Workshops zur Konzeptentwicklung und die kreative Zusammenarbeit zwischen den Heil- und Aktivwald Akteur*innen. Neben der praktischen Planungs- und Konzeptionsarbeit geh\u00f6rt zu jedem Workshop auch die Wald-Wahrnehmungspraxis: die Akteur*innen und erkunden den aufmerksamen Aufenthalt im Wald und erstellen aus ihren eigenen Erfahrungen die zuk\u00fcnftigen Nutzungs-und Zuwendungskonzepte.<\/p>\n<p>Auf Hubertuslust hat Stoll jedoch auch selbst im Wald \u201egebadet\u201c und das Licht und die Farben auf sich und seinen Fotofilm wirken lassen. Daraus sind gro\u00dfformatige Farbbilder entstanden, die von der intensiven Begegnung zwischen uns und dem Wald erz\u00e4hlen. Diese Werke sollen (wenn alles gut geht) bei der Er\u00f6ffnung des Waldes im Fr\u00fchsommer 2023 in Bad Sobernheim in der Stadt zu sehen sein. Besucher k\u00f6nnen so in der Stadt selbst die Wahrnehmungsarbeit entdecken, die Philip Stoll und die Akteur*innen des Heilwaldes praktizieren. So flie\u00dfen Stadtentwicklung, k\u00fcnstlerisches Arbeiten, Sozialkunst und Kunstvermittlung in einander.<\/p>\n<p>&nbsp;<\/p>\n<p>[\/et_pb_text][et_pb_image src=&#8220;https:\/\/philipstoll.de\/wp-content\/uploads\/2022\/10\/Bildschirmfoto-2022-10-10-um-21.07.05.png&#8220; title_text=&#8220;Bildschirmfoto 2022-10-10 um 21.07.05&#8243; _builder_version=&#8220;4.16&#8243; _module_preset=&#8220;default&#8220; global_colors_info=&#8220;{}&#8220;][\/et_pb_image][et_pb_text admin_label=&#8220;Text&#8220; _builder_version=&#8220;4.16&#8243; text_font_size=&#8220;12&#8243; background_size=&#8220;initial&#8220; background_position=&#8220;top_left&#8220; background_repeat=&#8220;repeat&#8220; use_border_color=&#8220;off&#8220; border_color=&#8220;#ffffff&#8220; border_style=&#8220;solid&#8220; global_colors_info=&#8220;{}&#8220;]<\/p>\n<p>Wegekonzept (ProNatur), Heil- und Aktivwald Bad Sobernheim<\/p>\n<p>[\/et_pb_text][\/et_pb_column][\/et_pb_row][\/et_pb_section][et_pb_section fb_built=&#8220;1&#8243; _builder_version=&#8220;4.16&#8243; _module_preset=&#8220;default&#8220; global_colors_info=&#8220;{}&#8220;][\/et_pb_section]<\/p>","protected":false},"excerpt":{"rendered":"<p>Studio-Kontaktkarte von 12 Farbnegativen (Work in Progress), 21x30cm, auf Hubertuslust, Heilwald Bad Sobernheim, Mai 2022Potentiale des Felke Heil- und Aktivwaldes in Bad Sobernheim entfalten (Pressemitteilung Forstamt\/Stadtverwaltung\/Heimatmuseum, 7. Oktober 2022, Bad Sobernheim) Zeit im Wald zu verbringen kann heilsam sein? In Bad Sobernheim treffen sich seit Mai 2022 unterschiedlichste Akteur*innen, um den Stadtforst zug\u00e4nglich zu machen [&hellip;]<\/p>","protected":false},"author":3,"featured_media":0,"parent":0,"menu_order":0,"comment_status":"closed","ping_status":"closed","template":"","meta":{"_et_pb_use_builder":"on","_et_pb_old_content":"","_et_gb_content_width":"","footnotes":""},"class_list":["post-208101","page","type-page","status-publish","hentry"],"_links":{"self":[{"href":"https:\/\/philipstoll.de\/en\/wp-json\/wp\/v2\/pages\/208101","targetHints":{"allow":["GET"]}}],"collection":[{"href":"https:\/\/philipstoll.de\/en\/wp-json\/wp\/v2\/pages"}],"about":[{"href":"https:\/\/philipstoll.de\/en\/wp-json\/wp\/v2\/types\/page"}],"author":[{"embeddable":true,"href":"https:\/\/philipstoll.de\/en\/wp-json\/wp\/v2\/users\/3"}],"replies":[{"embeddable":true,"href":"https:\/\/philipstoll.de\/en\/wp-json\/wp\/v2\/comments?post=208101"}],"version-history":[{"count":15,"href":"https:\/\/philipstoll.de\/en\/wp-json\/wp\/v2\/pages\/208101\/revisions"}],"predecessor-version":[{"id":208534,"href":"https:\/\/philipstoll.de\/en\/wp-json\/wp\/v2\/pages\/208101\/revisions\/208534"}],"wp:attachment":[{"href":"https:\/\/philipstoll.de\/en\/wp-json\/wp\/v2\/media?parent=208101"}],"curies":[{"name":"wp","href":"https:\/\/api.w.org\/{rel}","templated":true}]}}