{"id":208083,"date":"2022-09-21T17:31:42","date_gmt":"2022-09-21T17:31:42","guid":{"rendered":"https:\/\/philipstoll.de\/?page_id=208083"},"modified":"2023-10-26T12:31:11","modified_gmt":"2023-10-26T12:31:11","slug":"klima-machen","status":"publish","type":"page","link":"https:\/\/philipstoll.de\/en\/klima-machen\/","title":{"rendered":"Klima.machen?!"},"content":{"rendered":"<p>[et_pb_section fb_built=&#8220;1&#8243; _builder_version=&#8220;4.16&#8243; _module_preset=&#8220;default&#8220; global_colors_info=&#8220;{}&#8220;][et_pb_row _builder_version=&#8220;4.16&#8243; _module_preset=&#8220;default&#8220; width=&#8220;51%&#8220; custom_margin=&#8220;0px||||false|false&#8220; custom_padding=&#8220;100px||||false|false&#8220; global_colors_info=&#8220;{}&#8220;][et_pb_column type=&#8220;4_4&#8243; _builder_version=&#8220;4.16&#8243; _module_preset=&#8220;default&#8220; global_colors_info=&#8220;{}&#8220;][et_pb_video src=&#8220;https:\/\/youtu.be\/QBAmABzcUp0&#8243; _builder_version=&#8220;4.16&#8243; _module_preset=&#8220;default&#8220; global_colors_info=&#8220;{}&#8220;][\/et_pb_video][et_pb_divider show_divider=&#8220;off&#8220; _builder_version=&#8220;4.16&#8243; _module_preset=&#8220;default&#8220; height=&#8220;50px&#8220; global_colors_info=&#8220;{}&#8220;][\/et_pb_divider][et_pb_text _builder_version=&#8220;4.22.1&#8243; _module_preset=&#8220;default&#8220; text_font_size=&#8220;21px&#8220; text_line_height=&#8220;1.4em&#8220; hover_enabled=&#8220;0&#8243; global_colors_info=&#8220;{}&#8220; sticky_enabled=&#8220;0&#8243;]<\/p>\n<p><strong>Klima.machen?!<br \/><\/strong><\/p>\n<p><em>Wuppertal ist im Klimanotstand. Der K\u00fcnstler Philip Stoll ist eingeladen, sich im Rahmen des Und.Jetzt! Stipendiums, mit den Potentialen der k\u00fcnstlerischen Klimagestaltung in Wuppertal zu besch\u00e4ftigen. Das Projekt Klima.machen?! ist eine Gespr\u00e4chseinladung und ein interaktives Video- und Live-Projekt am Wuppertal Institut, in Zusammenarbeit mit &#8222;und.jetzt!<br \/><\/em><\/p>\n<p><a href=\"https:\/\/www.youtube.com\/channel\/UCBqGwHQdFlO-bmiAThObGZQ\" target=\"_blank\" rel=\"noopener\">Hier<\/a> geht es zu den Gespr\u00e4chen zu Klima.machen?! auf YouTube<\/p>\n<p>Mich brennt die Frage, wie wir in Resonnanz mit unserer lebendigen Mitwelt ein gesundes Klima machen k\u00f6nnen. Wir sind im Klimanotstand und deshalb dr\u00e4ngend gefragt unsere Zukunftsf\u00e4higkeiten zu mobilisieren und all unsere Aufmerksamkeit, Feinf\u00fchligkeit und Kreativit\u00e4t der Erde entgegenzubringen.<\/p>\n<p>[\/et_pb_text][et_pb_divider show_divider=&#8220;off&#8220; _builder_version=&#8220;4.16&#8243; _module_preset=&#8220;default&#8220; height=&#8220;50px&#8220; global_colors_info=&#8220;{}&#8220;][\/et_pb_divider][et_pb_image src=&#8220;https:\/\/philipstoll.de\/wp-content\/uploads\/2023\/03\/DSC_2816-scaled.jpg&#8220; title_text=&#8220;DSC_2816&#8243; _builder_version=&#8220;4.16&#8243; _module_preset=&#8220;default&#8220; global_colors_info=&#8220;{}&#8220;][\/et_pb_image][et_pb_text _builder_version=&#8220;4.16&#8243; _module_preset=&#8220;default&#8220; global_colors_info=&#8220;{}&#8220;]<\/p>\n<p>Videoarbeit auf drei Monitoren, je 70&#215;120, versch. Filme im Loop \u00e0 5 min., 2023, Installationsansicht<\/p>\n<p>[\/et_pb_text][et_pb_divider show_divider=&#8220;off&#8220; _builder_version=&#8220;4.16&#8243; _module_preset=&#8220;default&#8220; height=&#8220;50px&#8220; global_colors_info=&#8220;{}&#8220;][\/et_pb_divider][et_pb_image src=&#8220;https:\/\/philipstoll.de\/wp-content\/uploads\/2023\/03\/DSC_2942-scaled.jpg&#8220; title_text=&#8220;DSC_2942&#8243; _builder_version=&#8220;4.16&#8243; _module_preset=&#8220;default&#8220; global_colors_info=&#8220;{}&#8220;][\/et_pb_image][et_pb_text _builder_version=&#8220;4.16&#8243; _module_preset=&#8220;default&#8220; global_colors_info=&#8220;{}&#8220;]<\/p>\n<p>Videoarbeit auf drei Monitoren, je 70&#215;120, versch. Filme im Loop \u00e0 5 min., 2023, Installationsansicht<\/p>\n<p>[\/et_pb_text][et_pb_divider show_divider=&#8220;off&#8220; _builder_version=&#8220;4.16&#8243; _module_preset=&#8220;default&#8220; height=&#8220;50px&#8220; global_colors_info=&#8220;{}&#8220;][\/et_pb_divider][et_pb_image src=&#8220;https:\/\/philipstoll.de\/wp-content\/uploads\/2023\/03\/IMG_7606-scaled.jpg&#8220; title_text=&#8220;IMG_7606&#8243; _builder_version=&#8220;4.16&#8243; _module_preset=&#8220;default&#8220; global_colors_info=&#8220;{}&#8220;][\/et_pb_image][et_pb_text _builder_version=&#8220;4.16&#8243; _module_preset=&#8220;default&#8220; global_colors_info=&#8220;{}&#8220;]<\/p>\n<p>Videoarbeit auf drei Monitoren, je 70&#215;120, versch. Filme im Loop \u00e0 5 min., 2023, Installationsansicht<\/p>\n<p>[\/et_pb_text][et_pb_text _builder_version=&#8220;4.22.1&#8243; _module_preset=&#8220;default&#8220; text_font_size=&#8220;21px&#8220; text_line_height=&#8220;1.4em&#8220; width=&#8220;100%&#8220; custom_padding=&#8220;77px||||false|false&#8220; hover_enabled=&#8220;0&#8243; global_colors_info=&#8220;{}&#8220; sticky_enabled=&#8220;0&#8243;]<\/p>\n<p><strong>Pressebericht, des Wuppertal Instituts<\/strong><\/p>\n<p>Wie k\u00f6nnen wir Kultur, Stadt und Landschaft so gestalten, dass sie ein gesundes Klima hervorbringen? Diese Frage diskutieren der K\u00fcnstler Philip Stoll und seine Gespr\u00e4chspartner*innen in der Videoreihe &#8222;Klima.machen?!&#8220;. Herausgekommen sind 13 Videos, die neue Perspektiven auf die Frage er\u00f6ffnen, wie Klima als Resonanzph\u00e4nomen zwischen den Menschen und ihrer lebendigen Mitwelt wirkt. Die Dialoge geben intime Einsichten in die Klima-Gestaltung in Wuppertal und machen die globale Herausforderung als kreative und interdisziplin\u00e4re Zukunftsaufgabe mit positiven Nebeneffekten f\u00fcr alle erlebbar, statt als rein technisch-wissenschaftliches und politisches Problem mit Grad-Celsius-Zielen.<\/p>\n<p>&#8222;Wir sind im Klimanotstand und deshalb dringend gefragt, unsere Zukunftsf\u00e4higkeiten zu mobilisieren und all unsere Aufmerksamkeit, Feinf\u00fchligkeit und Kreativit\u00e4t der Erde entgegenzubringen&#8220;, erl\u00e4utert der K\u00fcnstler. F\u00fcr ihn stellt sich dabei insbesondere die Frage: &#8222;Wie k\u00f6nnen wir unsere Landschaften \u00f6kologisch und k\u00fcnstlerisch-interdisziplin\u00e4r so gestalten, dass sie aus sich selbst heraus \u2013 aus der Kraft des Lebens \u2013 ein gesundes Klima hervorbringen, Nebel bilden, Wolken formen, dass Regen f\u00e4llt? Dass mit und f\u00fcr all unsere Mitkreaturen ein vielf\u00e4ltiger Lebensraum, eine lebendige Atmosph\u00e4re entsteht?&#8220;<\/p>\n<p>Philip Stoll war f\u00fcr sein Projekt im Rahmen des Und.Jetzt!-Stipendiums in der &#8222;Zukunftsk\u00fcche&#8220; des Wuppertal Instituts zu Gast. Dort sprach er mit verschiedenen Akteuren, unter anderem mit Forschenden und Mitarbeitenden des Wuppertal Instituts, \u00fcber die Frage: &#8222;Wie erlebst Du die Herausforderung der Mitgestaltung am gro\u00dfen Klima unserer Erde?&#8220;.<\/p>\n<p>Die Videos geben pers\u00f6nliche Einblicke in die Versuche, Herausforderungen und Entdeckungen unterschiedlicher Akteur*innen: Die 13 Protagonist*innen aus Wissenschaft, Kunst, Politik, Aktivismus und Kultur zeigen offen und ehrlich, wie sie zur gro\u00dfen Klimafrage stehen, was sie bewegt, zur\u00fcckh\u00e4lt und befl\u00fcgelt: Teamwork, Kreativit\u00e4t, Wissenschaft, Geld, soziales Klima, Atmosph\u00e4rengestaltung, Mobilit\u00e4t. Eine lohnende Gespr\u00e4chs-Philharmonie, die Lust macht auf die Zukunft.<\/p>\n<p>Mit dabei: Thomas Orbach, Abteilungsleiter f\u00fcr Information und Kommunikation am Wuppertal Institut, Prof. Dr.-Ing. Manfred Fischedick, Pr\u00e4sident und wissenschaftlicher Gesch\u00e4ftsf\u00fchrer am Wuppertal Insitut, Eva Eiling, Junior Researcherin f\u00fcr Nachhaltiges Produzieren und Konsumieren im Forschungsbereich Innovationslabore am Wuppertal Institut, Matthias Wanner, Researcher und Doktorand f\u00fcr Nachhaltiges Produzieren und Konsumieren im Forschungsbereich Innovationslabore am Wuppertal Institut, Christian Esch, Direktor des NRW Kultursekretariats, Bettina Milz, Koordinatorin und Leiterin des Neuaufbaus des Pina Bausch Zentrums Wuppertal, Carla Moschner, Tanzp\u00e4dagogin, und Christoph Ebel, Gesang, Stimmentwicklung, Musik und Gesundheit, kreativer Protest, Christian Hiss, Gr\u00fcnder der Regionalwert AG sowie der Regionalwert Leistungen GmbH, Gunther W\u00f6lfges, Vorstandsvorsitzender der Stadtsparkasse Wuppertal, Berthold Schneider, Intendant der Oper Wuppertal, Uta Atzpodien, Dramaturgin, Daniel Hoernemann alias Walbrodt, bildender K\u00fcnstler und Performer, Uwe Schneidewind, Oberb\u00fcrgermeister der Stadt Wuppertal und ehemaliger wissenschaftlicher Gesch\u00e4ftsf\u00fchrer des Wuppertal Instituts und Markus Hilkenbach, Vorsitzender der Gesch\u00e4ftsf\u00fchrung der Wuppertaler Stadtwerke.<\/p>\n<p>(Quelle: https:\/\/wupperinst.org\/a\/wi\/a\/s\/ad\/8177)<\/p>\n<p><strong>Die Kunst das Klima zu gestalten, das fortlaufende Projekt<br \/><\/strong><\/p>\n<p>Das Klima erlebe ich als einen Resonanzraum. Die Kunst gestaltet Resonanzr\u00e4ume und so kann k\u00fcnstlerisches Arbeiten einen Beitrag leisten zur Klimafrage (!?). Mit dem Projekt Klima.machen?! beobachte ich Klima-Resonanzph\u00e4nomene im Raum Wuppertal, um damit meine Ideen zu \u201eKlima.machen?!\u201c k\u00fcnstlerisch zu vertiefen. Ich m\u00f6chte sie f\u00fcr den Wuppertaler Klimanotstand konkreter verstehen und befragen.<\/p>\n<p>Im Hinblick auf den Klimanotstand nehme ich die Ph\u00e4nomene von Trockenheit und \u00dcberschwemmung der Region besonders ins Auge. Dabei soll mir das Wasser der Region den Weg weisen, dem ich folge, um Klimaph\u00e4nomene zu erkunden. Mich bewegt zugleich, was im Kontext der Und.Jetzt!-Aktivit\u00e4ten in Wuppertal entsteht. Dabei sehe ich die folgenden Klimafragen als wertvolle Ankn\u00fcpfungspunkte, die in der ZUKUNFTSK\u00dcCHE in den Diskurs gebracht werden: Wie bedingen sich klimatische, \u00f6kologische und soziale Potentiale? Welche Prozesse der k\u00fcnstlerischen Praxis k\u00f6nnen Forschung, Wirtschaft und Politik zu neuen L\u00f6sungen (Handlungsperspektiven und Fragen) inspirieren?<\/p>\n<p>Meine Praxis ist es, aufmerksam zu sein und zu gehen. Ich begehe also zur Erforschung des Klima.machens?! die Landschaften in und um Wuppertal. Ich schenke dabei den Bachl\u00e4ufen besondere Aufmerksamkeit. Ich vermute, dass das Wasser eine bedeutsame Rolle spielt, im sozial-\u00f6kologischen Klimaorganismus. So erhoffe ich anhand des Wassers (den Flie\u00dfadern der Region) Informationen \u00fcber die Lebendigkeit der Landschaften in und um Wuppertal zu entdecken und daraus Einsichten zu gewinnen, was diese Lebendigkeit potenziell f\u00fcr den Klimanotstand bedeutet. Deshalb folge ich den Wegen des Wassers von den Quellen der umliegenden Bachl\u00e4ufe zur M\u00fcndung in die Wupper. Ich gehe der Frage nach, wie die \u00c4sthetik, Morphologie und ggf. Sch\u00f6nheit und H\u00e4sslichkeit der Landschaft mit der jeweilig aufzufindenden Lebendigkeit des Ortes zusammenh\u00e4ngen und wie sich in diesem Spannungsfeld das Klima ausbildet. An jedem Ort erforsche ich die Kleinklimata, die \u201eKleinatmosph\u00e4ren\u201c &#8211; die Stimmung, die Ger\u00fcche, den Austausch von Wasser mit der Luft, mit den Pflanzen, die Taubildung, die Klangr\u00e4ume, die Luftfeuchtigkeit, die Farbigkeit, den Austausch zwischen Mensch und Natur etc.<\/p>\n<p><strong>M\u00f6gliche Ergebnisse, ein laufender Prozess<br \/><\/strong><\/p>\n<p>Die dabei entstehenden Beobachtungen, Fragen und Einsichten dokumentiere und verarbeite ich <strong>mit unterschiedlichen Medien<\/strong>: photographisch, videographisch, zeichnerisch, performativ, musikalisch. Es entstehen gro\u00df-und kleinformatige Zeichnungen, photographische Arbeiten, Klang-Resonanz-Miniaturen, Klangaufnahmen, sowie Film-Miniaturen und Gehperformances.<\/p>\n<p><strong>Roter Faden f\u00fcr die Arbeit \u201eKlima.machen?!\u201c<\/strong><\/p>\n<p>Ich gehe seit 2005 an unterschiedlichsten Orten den Qualit\u00e4ten und der Lebendigkeit von \u00d6ko-und Soziosystemen nach. Im Laufe der Jahre habe ich daf\u00fcr verschiedene Techniken entwickelt, die mir dabei helfen, meine Aufmerksamkeit so zu b\u00fcndeln, dass ich Orte mit anderen Augen und Sinnen wahrnehmen kann. Ich werde zum Resonanzraum und Resonanzinstrument, beginne Peripherie und Zentrum gleichzeitig wahrzunehmen. Meine Aufmerksamkeit begeht in Resonanz mit dem Ort eine Metamorphose, die ich &#8211; lauschend, lesend &#8211; zu verstehen versuche. Der Ort spricht zu mir. Diese Suche nach einer aufmerksamen und einf\u00fchlsamen Begegnung mit Orten, bedingt mein k\u00fcnstlerisches Arbeiten seit vielen Jahren.<\/p>\n<p>In 2017 wurde mir durch meine langsamen Aufmerksamkeits-Walks erstmalig der R\u00fcckgang von Lebendigkeit und Biodiversit\u00e4t in Mannheim bewusst erlebbar. Der Ort, an dem ich am regelm\u00e4\u00dfigsten mein langsames Gehen praktiziert hatte, zeigte mir deutliche Ver\u00e4nderungen. Je intensiver und fragender ich jedoch meine Aufmerksamkeit auf ihn richtet, desto deutlicher und farbiger zeigte er auch sein Potential: das Leben strebt zur Gesundheit und Vielfalt und es k\u00f6nnten hier eine Oase des Lebendigen entstehen, w\u00fcrden wir dem Ort anders zuh\u00f6ren, w\u00fcrden wir ihn nach Prinzipien des Lebendigen, der Kunst und des Sch\u00f6nen pflegen. So entstand meine Arbeit \u201eWaldparkOase Mannheim\u201c. Seit dem Pflegen wir den Park gemeinschaftlich von Hand und begleitet von Aufmerksamkeits\u00fcbungen mit B\u00fcrgerinnen und B\u00fcrgern der Stadt Mannheim. Die Ver\u00e4nderungen dokumentiere ich mit meiner fotographischen Geh-Technik (siehe: <a href=\"https:\/\/philipstoll.de\/en\/waldpark-oase\/\" target=\"_blank\" rel=\"noopener\">https:\/\/philipstoll.de\/waldpark-oase<\/a>).<\/p>\n<p>Da meine k\u00fcnstlerische Arbeit neben meinen photographischen Licht-Arbeiten, seitdem auch ins Systemisch-\u00d6kologische reicht, f\u00fchre ich mir nun die globalen und lokalen Klimaverh\u00e4ltnisse vor Augen. Ich beobachte, dass sich Klima lokal ver\u00e4ndern kann, je nachdem wie der Ort und der Sozialraum gestaltet und gepflegt ist. Kurz: ein lebendiges und \u00e4sthetisch sch\u00f6nes \u00d6kosystem k\u00fchlt \u00fcber Nacht ab. Es erreicht unsere Klimaziele! Wie kommen wir aber zur Gestaltung und zu den F\u00e4higkeiten, lebendige Landschaften zu kreieren, das Potential der Natur lesen zu lernen?<\/p>\n<p>Ich habe zu dieser Frage 2021 das Netzwerk \u201e\u00d6kologie des Bewusstseins\u201c gegr\u00fcndet (siehe: <a href=\"https:\/\/philipstoll.de\/en\/oekologie-des-bewusstseins\/\" target=\"_blank\" rel=\"noopener\">https:\/\/philipstoll.de\/oekologie-des-bewusstseins<\/a>). Im Jahr 2022 folgte dann die Gr\u00fcndung des Regenerations-Trainings f\u00fcr Wahrnehmung, Wasserr\u00fcckhaltung und Biodiversit\u00e4t (siehe: <a href=\"https:\/\/fakt21.de\/course\/regenerations-training\" target=\"_blank\" rel=\"noopener\">https:\/\/fakt21.de\/course\/regenerations-training<\/a>). Nun erforsche ich das Thema \u201eKlima.machen: auf dem Weg zu einem k\u00fcnstlerisch-sensiblen Organic Climate-Sculpting\u201c.<\/p>\n<p><strong>Gedanken zum Klima.machen?! <\/strong><\/p>\n<p>Klima als Resonnanz gestalten: eine neue Verantwortung im Anthropoz\u00e4n.<\/p>\n<p>Wir sind als anthropoz\u00e4ne Erdenwesen ma\u00dfgeblich Mitgestalter der heutigen Klimaph\u00e4nomene. Wir sind also schon jetzt Klimamacher. Wie werden wir aber zu positiven Klimak\u00fcnstlern? Wie schaffen wir Gesundung im Organismus der Atmosph\u00e4ren? Klimamachen ist hoch politisch: Wollen wir das Klima durch \u201eClimate-Engeneering\u201c manipulieren lassen und Klimasymptome mit veralteten, erfahrungsgem\u00e4\u00df lebensgef\u00e4hrdenden Techniken zu einem vergangenen Zustand zur\u00fcckbringen? Oder wollen wir \u00f6kologisch und k\u00fcnstlerisch unsere Landschaften so gestalten, dass sie aus sich selbst heraus, aus der Kraft des Lebens, Nebel bilden, Wolken formen, dass Regen f\u00e4llt und mit all unseren Mitkreaturen ein vielf\u00e4ltiger Kultur-Lebensraum entsteht? Spannenderweise scheint der Ansatz eines solchen Climate-Scultings ein periph\u00e4rer zu sein: wir k\u00f6nnen nur die Bedingungen schaffen, dass der \u00d6koorganismus einer Region Regen einl\u00e4dt, dass die Microorganismen im Boden zur\u00fcckkommen und Taubildung und Feuchtigkeit in der Nacht entstehen lassen. Das Klima ist meiner Beobachtungen nach eine Atmosph\u00e4re, ein M\u00f6glichkeitsraum in dem sich die Ph\u00e4nomene des Lebendigen manifestieren k\u00f6nnen. Es kann nicht punktuell manipuliert werden, da keiner der Einzelheiten ohne die anderen \u201eMit-Heiten\u201c existieren m\u00f6chte: Sind Insekten am Bach ist der Bach gesund &#8211; ist der Bach gesund, sind Insekten am Bach. Die W\u00fcste regnet nicht, weil es trocken ist und es ist trocken, weil es nicht regnet. Wie bedingen sich Einzelheiten im Ganzen? Wie bedingt der Mensch die Landschaft? Ist Landwirtschaft Klimakunst?<\/p>\n<p>Mein Mentor James Turrell gestaltet R\u00e4ume mit Licht und zeigt damit auf <em>wie<\/em> wir Menschen sehen. Ich m\u00f6chte jetzt aber die Atmosph\u00e4re, den Anderen Raum (Foucault) gestalten, den Nicht-Raum, das Potentielle, das Leben im Raum, nicht durch direkte, sondern indirekte Gestaltung entz\u00fcnden, durch Bedingungen und Umkreis.<\/p>\n<p><strong>Dank:<\/strong> <\/p>\n<p>Und.jetzt!<\/p>\n<p><strong>Links:<\/strong><\/p>\n<p><a href=\"https:\/\/und-institut.de\/de\" target=\"_blank\" rel=\"noopener\">https:\/\/und-institut.de\/de<\/a><\/p>\n<p><a href=\"https:\/\/fnwk.de\/Themen\/-undjetzt-Kunst-Kultur-Klimanotstand\" target=\"_blank\" rel=\"noopener\">https:\/\/fnwk.de\/Themen\/-undjetzt-Kunst-Kultur-Klimanotstand<\/a><\/p>\n<p><a href=\"https:\/\/wupperinst.org\/a\/wi\/a\/s\/ad\/7879\" target=\"_blank\" rel=\"noopener\">https:\/\/wupperinst.org\/a\/wi\/a\/s\/ad\/5219<\/a><\/p>\n<p><a href=\"https:\/\/www.youtube.com\/channel\/UCBqGwHQdFlO-bmiAThObGZQ\" target=\"_blank\" rel=\"noopener\">https:\/\/www.youtube.com\/channel\/UCBqGwHQdFlO-bmiAThObGZQ<\/a><\/p>\n<p>&nbsp;<\/p>\n<p>&nbsp;<\/p>\n<p>&nbsp;<\/p>\n<p>[\/et_pb_text][\/et_pb_column][\/et_pb_row][\/et_pb_section][et_pb_section fb_built=&#8220;1&#8243; _builder_version=&#8220;4.16&#8243; _module_preset=&#8220;default&#8220; global_colors_info=&#8220;{}&#8220;][\/et_pb_section]<\/p>","protected":false},"excerpt":{"rendered":"<p>Klima.machen?! Wuppertal ist im Klimanotstand. Der K\u00fcnstler Philip Stoll ist eingeladen, sich im Rahmen des Und.Jetzt! Stipendiums, mit den Potentialen der k\u00fcnstlerischen Klimagestaltung in Wuppertal zu besch\u00e4ftigen. Das Projekt Klima.machen?! ist eine Gespr\u00e4chseinladung und ein interaktives Video- und Live-Projekt am Wuppertal Institut, in Zusammenarbeit mit &#8222;und.jetzt! Hier geht es zu den Gespr\u00e4chen zu Klima.machen?! auf [&hellip;]<\/p>","protected":false},"author":3,"featured_media":0,"parent":0,"menu_order":0,"comment_status":"closed","ping_status":"closed","template":"","meta":{"_et_pb_use_builder":"on","_et_pb_old_content":"","_et_gb_content_width":"","footnotes":""},"class_list":["post-208083","page","type-page","status-publish","hentry"],"_links":{"self":[{"href":"https:\/\/philipstoll.de\/en\/wp-json\/wp\/v2\/pages\/208083","targetHints":{"allow":["GET"]}}],"collection":[{"href":"https:\/\/philipstoll.de\/en\/wp-json\/wp\/v2\/pages"}],"about":[{"href":"https:\/\/philipstoll.de\/en\/wp-json\/wp\/v2\/types\/page"}],"author":[{"embeddable":true,"href":"https:\/\/philipstoll.de\/en\/wp-json\/wp\/v2\/users\/3"}],"replies":[{"embeddable":true,"href":"https:\/\/philipstoll.de\/en\/wp-json\/wp\/v2\/comments?post=208083"}],"version-history":[{"count":10,"href":"https:\/\/philipstoll.de\/en\/wp-json\/wp\/v2\/pages\/208083\/revisions"}],"predecessor-version":[{"id":208351,"href":"https:\/\/philipstoll.de\/en\/wp-json\/wp\/v2\/pages\/208083\/revisions\/208351"}],"wp:attachment":[{"href":"https:\/\/philipstoll.de\/en\/wp-json\/wp\/v2\/media?parent=208083"}],"curies":[{"name":"wp","href":"https:\/\/api.w.org\/{rel}","templated":true}]}}