{"id":208075,"date":"2022-09-19T21:55:11","date_gmt":"2022-09-19T21:55:11","guid":{"rendered":"https:\/\/philipstoll.de\/?page_id=208075"},"modified":"2022-09-19T22:01:24","modified_gmt":"2022-09-19T22:01:24","slug":"community","status":"publish","type":"page","link":"https:\/\/philipstoll.de\/en\/community\/","title":{"rendered":"Community"},"content":{"rendered":"<p>[et_pb_section fb_built=&#8220;1&#8243; _builder_version=&#8220;4.9.6&#8243; _module_preset=&#8220;default&#8220; bottom_divider_color=&#8220;#0C71C3&#8243;][et_pb_row _builder_version=&#8220;4.9.6&#8243; _module_preset=&#8220;default&#8220;][et_pb_column type=&#8220;4_4&#8243; _builder_version=&#8220;4.9.6&#8243; _module_preset=&#8220;default&#8220;][et_pb_divider show_divider=&#8220;off&#8220; _builder_version=&#8220;4.9.6&#8243; _module_preset=&#8220;default&#8220; height=&#8220;154px&#8220; height_tablet=&#8220;&#8220; height_phone=&#8220;1px&#8220; height_last_edited=&#8220;on|phone&#8220;][\/et_pb_divider][\/et_pb_column][\/et_pb_row][et_pb_row column_structure=&#8220;1_5,3_5,1_5&#8243; _builder_version=&#8220;4.9.6&#8243; _module_preset=&#8220;default&#8220; width_tablet=&#8220;&#8220; width_phone=&#8220;95%&#8220; width_last_edited=&#8220;on|phone&#8220; height=&#8220;100px&#8220; height_tablet=&#8220;&#8220; height_phone=&#8220;1px&#8220; height_last_edited=&#8220;on|phone&#8220; module_alignment_tablet=&#8220;&#8220; module_alignment_phone=&#8220;center&#8220; module_alignment_last_edited=&#8220;on|desktop&#8220;][et_pb_column type=&#8220;1_5&#8243; _builder_version=&#8220;4.9.6&#8243; _module_preset=&#8220;default&#8220;][\/et_pb_column][et_pb_column type=&#8220;3_5&#8243; _builder_version=&#8220;4.9.6&#8243; _module_preset=&#8220;default&#8220;][et_pb_text content_tablet=&#8220;<\/p>\n<p>MUSEUM<\/p>\n<p>&#8220; content_phone=&#8220;<\/p>\n<p style=\"%22text-align:\" left;%22><strong>MU<\/strong><strong>SE<\/strong><strong>UM<\/strong><\/p>\n<p>&#8220; content_last_edited=&#8220;on|desktop&#8220; _builder_version=&#8220;4.9.6&#8243; _module_preset=&#8220;default&#8220; text_font=&#8220;|600|||||||&#8220; text_font_size=&#8220;114px&#8220; text_letter_spacing=&#8220;2px&#8220; text_line_height=&#8220;0em&#8220; width_tablet=&#8220;90%&#8220; width_phone=&#8220;90%&#8220; width_last_edited=&#8220;on|desktop&#8220; module_alignment=&#8220;center&#8220; custom_padding=&#8220;0px||||false|false&#8220; custom_padding_tablet=&#8220;0px||||false|false&#8220; custom_padding_phone=&#8220;0px||||false|false&#8220; custom_padding_last_edited=&#8220;on|desktop&#8220; text_font_size_tablet=&#8220;75px&#8220; text_font_size_phone=&#8220;50px&#8220; text_font_size_last_edited=&#8220;on|phone&#8220; module_alignment_tablet=&#8220;center&#8220; module_alignment_phone=&#8220;center&#8220; module_alignment_last_edited=&#8220;on|desktop&#8220;]<\/p>\n<p style=\"text-align: left;\"><strong>Community<\/strong><\/p>\n<p>[\/et_pb_text][et_pb_text content_tablet=&#8220;<\/p>\n<p>?<\/p>\n<p><em><strong>mouse\u00eeon<\/strong><\/em><\/p>\n<p><em>\u03bc\u03bf\u03c5\u03c3\u03b5\u1fd6\u03bf\u03bd, altgriechisch<\/em><\/p>\n<p><em>Heiligtum der Musen<span class=\"%22Apple-converted-space%22\">?<\/span><\/em><\/p>\n<p><span class=\"%22Apple-converted-space%22\">Kunst mieten: ein Museum in Deinen vier W\u00e4nden. <\/span><\/p>\n<p>&#8220; content_phone=&#8220;<\/p>\n<p>?<\/p>\n<p><em><strong>mouse\u00eeon<\/strong><\/em><\/p>\n<p><em>\u03bc\u03bf\u03c5\u03c3\u03b5\u1fd6\u03bf\u03bd, altgriechisch<\/em><\/p>\n<p><em>Heiligtum der Musen<span class=\"%22Apple-converted-space%22\">?<\/span><\/em><\/p>\n<p><span class=\"%22Apple-converted-space%22\">Kunst mieten: ein Museum in Deinen vier W\u00e4nden. <\/span><\/p>\n<p>&#8220; content_last_edited=&#8220;on|phone&#8220; _builder_version=&#8220;4.9.6&#8243; _module_preset=&#8220;default&#8220; text_font=&#8220;|600|||||||&#8220; text_font_size=&#8220;31px&#8220; text_line_height=&#8220;1.5em&#8220; width_tablet=&#8220;90%&#8220; width_phone=&#8220;&#8220; width_last_edited=&#8220;on|tablet&#8220; text_font_size_tablet=&#8220;18px&#8220; text_font_size_phone=&#8220;18px&#8220; text_font_size_last_edited=&#8220;on|phone&#8220; text_line_height_tablet=&#8220;&#8220; text_line_height_phone=&#8220;1.5em&#8220; text_line_height_last_edited=&#8220;on|tablet&#8220; module_alignment_tablet=&#8220;center&#8220; module_alignment_phone=&#8220;center&#8220; module_alignment_last_edited=&#8220;on|desktop&#8220;]<\/p>\n<p style=\"text-align: center;\">&nbsp;<\/p>\n<p style=\"text-align: left;\"><em><strong>mouse\u00eeon<\/strong><\/em><\/p>\n<p style=\"text-align: left;\"><em>\u03bc\u03bf\u03c5\u03c3\u03b5\u1fd6\u03bf\u03bd, altgriechisch<\/em><\/p>\n<p style=\"text-align: left;\"><em>Heiligtum der Musen<span class=\"Apple-converted-space\">&nbsp;<\/span><\/em><\/p>\n<p style=\"text-align: left;\"><span class=\"Apple-converted-space\">Kunst mieten: ein Museum in Deinen vier W\u00e4nden. <\/span><\/p>\n<p>[\/et_pb_text][et_pb_divider divider_weight=&#8220;9px&#8220; divider_weight_tablet=&#8220;0px&#8220; divider_weight_phone=&#8220;7px&#8220; divider_weight_last_edited=&#8220;on|phone&#8220; _builder_version=&#8220;4.9.6&#8243; _module_preset=&#8220;default&#8220; transform_scale_tablet=&#8220;&#8220; transform_scale_phone=&#8220;&#8220; transform_scale_last_edited=&#8220;on|phone&#8220; transform_translate=&#8220;194px|0px&#8220; transform_translate_tablet=&#8220;&#8220; transform_translate_phone=&#8220;102px|0px&#8220; transform_translate_last_edited=&#8220;on|phone&#8220; transform_translate_linked=&#8220;off&#8220; transform_rotate_tablet=&#8220;&#8220; transform_rotate_phone=&#8220;&#8220; transform_rotate_last_edited=&#8220;on|phone&#8220; transform_skew_tablet=&#8220;&#8220; transform_skew_phone=&#8220;&#8220; transform_skew_last_edited=&#8220;on|phone&#8220; transform_origin_tablet=&#8220;&#8220; transform_origin_phone=&#8220;&#8220; transform_origin_last_edited=&#8220;on|phone&#8220; transform_styles_last_edited=&#8220;on|phone&#8220; width=&#8220;27%&#8220; width_tablet=&#8220;50%&#8220; width_phone=&#8220;37%&#8220; width_last_edited=&#8220;on|phone&#8220; module_alignment=&#8220;left&#8220; transform_styles_tablet=&#8220;&#8220; transform_styles_phone=&#8220;&#8220; module_alignment_tablet=&#8220;left&#8220; module_alignment_phone=&#8220;center&#8220; module_alignment_last_edited=&#8220;on|tablet&#8220;][\/et_pb_divider][\/et_pb_column][et_pb_column type=&#8220;1_5&#8243; _builder_version=&#8220;4.9.6&#8243; _module_preset=&#8220;default&#8220;][\/et_pb_column][\/et_pb_row][\/et_pb_section][et_pb_section fb_built=&#8220;1&#8243; _builder_version=&#8220;4.9.6&#8243; _module_preset=&#8220;default&#8220; background_enable_color=&#8220;off&#8220; transform_scale_tablet=&#8220;&#8220; transform_scale_phone=&#8220;&#8220; transform_scale_last_edited=&#8220;on|tablet&#8220; transform_translate_tablet=&#8220;&#8220; transform_translate_phone=&#8220;0px|0px&#8220; transform_translate_last_edited=&#8220;on|desktop&#8220; transform_translate_linked_tablet=&#8220;off&#8220; transform_rotate_tablet=&#8220;&#8220; transform_rotate_phone=&#8220;&#8220; transform_rotate_last_edited=&#8220;on|tablet&#8220; transform_skew_tablet=&#8220;&#8220; transform_skew_phone=&#8220;&#8220; transform_skew_last_edited=&#8220;on|tablet&#8220; transform_origin_tablet=&#8220;&#8220; transform_origin_phone=&#8220;&#8220; transform_origin_last_edited=&#8220;on|tablet&#8220; transform_styles_last_edited=&#8220;on|desktop&#8220; transform_styles_tablet=&#8220;&#8220; transform_styles_phone=&#8220;&#8220;][et_pb_row _builder_version=&#8220;4.9.6&#8243; _module_preset=&#8220;default&#8220; max_width=&#8220;687px&#8220; module_alignment_tablet=&#8220;center&#8220; module_alignment_phone=&#8220;&#8220; module_alignment_last_edited=&#8220;on|tablet&#8220;][et_pb_column type=&#8220;4_4&#8243; _builder_version=&#8220;4.9.6&#8243; _module_preset=&#8220;default&#8220;][et_pb_divider show_divider=&#8220;off&#8220; _builder_version=&#8220;4.9.6&#8243; _module_preset=&#8220;default&#8220; height=&#8220;1px&#8220; height_tablet=&#8220;&#8220; height_phone=&#8220;&#8220; height_last_edited=&#8220;on|phone&#8220;][\/et_pb_divider][et_pb_divider show_divider=&#8220;off&#8220; _builder_version=&#8220;4.9.6&#8243; _module_preset=&#8220;default&#8220; height=&#8220;258px&#8220; height_tablet=&#8220;1px&#8220; height_phone=&#8220;1px&#8220; height_last_edited=&#8220;on|phone&#8220;][\/et_pb_divider][et_pb_image src=&#8220;https:\/\/philipstoll.de\/wp-content\/uploads\/2022\/01\/Unbenanntes_Projekt-41.jpg&#8220; title_text=&#8220;Unbenanntes_Projekt 41&#8243; _builder_version=&#8220;4.9.6&#8243; _module_preset=&#8220;default&#8220; transform_scale_tablet=&#8220;&#8220; transform_scale_phone=&#8220;&#8220; transform_scale_last_edited=&#8220;on|tablet&#8220; transform_translate=&#8220;0px|-35px&#8220; transform_translate_tablet=&#8220;&#8220; transform_translate_phone=&#8220;&#8220; transform_translate_last_edited=&#8220;on|desktop&#8220; transform_translate_linked=&#8220;off&#8220; transform_rotate_tablet=&#8220;&#8220; transform_rotate_phone=&#8220;&#8220; transform_rotate_last_edited=&#8220;on|tablet&#8220; transform_skew_tablet=&#8220;&#8220; transform_skew_phone=&#8220;&#8220; transform_skew_last_edited=&#8220;on|tablet&#8220; transform_origin_tablet=&#8220;&#8220; transform_origin_phone=&#8220;&#8220; transform_origin_last_edited=&#8220;on|tablet&#8220; transform_styles_last_edited=&#8220;on|desktop&#8220; width=&#8220;38%&#8220; width_tablet=&#8220;32%&#8220; width_phone=&#8220;48%&#8220; width_last_edited=&#8220;on|phone&#8220; max_width_tablet=&#8220;&#8220; max_width_phone=&#8220;&#8220; max_width_last_edited=&#8220;on|desktop&#8220; module_alignment=&#8220;center&#8220; custom_margin=&#8220;114px|0px|7px|0px|false|false&#8220; custom_margin_tablet=&#8220;&#8220; custom_margin_phone=&#8220;&#8220; custom_margin_last_edited=&#8220;on|desktop&#8220; custom_padding=&#8220;|67px||0px|false|false&#8220; custom_padding_tablet=&#8220;|0px|||false|false&#8220; custom_padding_phone=&#8220;&#8220; custom_padding_last_edited=&#8220;on|desktop&#8220; transform_styles_tablet=&#8220;&#8220; transform_styles_phone=&#8220;&#8220; module_alignment_tablet=&#8220;center&#8220; module_alignment_phone=&#8220;center&#8220; module_alignment_last_edited=&#8220;on|desktop&#8220;][\/et_pb_image][et_pb_text _builder_version=&#8220;4.9.6&#8243; _module_preset=&#8220;default&#8220; text_font=&#8220;|600|||||||&#8220; text_text_color=&#8220;#23282D&#8220; text_font_size=&#8220;31px&#8220; text_line_height=&#8220;1.5em&#8220; header_text_color=&#8220;#23282D&#8220; header_3_text_color=&#8220;#23282D&#8220; width=&#8220;90%&#8220; width_tablet=&#8220;90%&#8220; width_phone=&#8220;&#8220; width_last_edited=&#8220;on|phone&#8220; text_font_size_tablet=&#8220;18px&#8220; text_font_size_phone=&#8220;18px&#8220; text_font_size_last_edited=&#8220;on|tablet&#8220; module_alignment_tablet=&#8220;center&#8220; module_alignment_phone=&#8220;center&#8220; module_alignment_last_edited=&#8220;on|tablet&#8220;]<\/p>\n<p style=\"text-align: center;\"><strong>WARUM KUNST MIETEN?<\/strong><\/p>\n<p style=\"text-align: center;\">Kunst begleitet das Leben und regt Denken, F\u00fchlen und den Willen an. Sie macht uns handlungs- und zukunftsf\u00e4hig f\u00fcr das Wesentliche. Schon vor 200 Jahren wurden Werke vermietet und so unter die Menschen gebracht. Heute w\u00e4hlen auch Museen und Kunstvereine dieses demokratische Konzept der Kunstvermittlung. Wir verleihen Werke flexibel an Menschen aller Schichten und Hintergr\u00fcnde.<span class=\"Apple-converted-space\">&nbsp;<\/span><\/p>\n<p style=\"text-align: center;\">Kunst mieten muss nicht teuer sein und Originale m\u00fcssen nicht gekauft werden. Sie machen schon mit kleinen finanziellen Mitteln das eigene Umfeld zu einem Ort der Muse: einfach ausgeliehen. So wird Kunstbetrachtung im Alltag m\u00f6glich.<span class=\"Apple-converted-space\">&nbsp;<\/span><\/p>\n<p style=\"text-align: center;\">Unternehmen setzen die Miete zu 100% steuerlich ab. Studierende mieten zum halben Preis. F\u00fcr normalverdienende Privatpersonen streichen wir die Steuer in unserem Mietvertrag. Und f\u00fcr Einkommenslose ist meine Kunstleihe einfach kostenlos.<\/p>\n<p style=\"text-align: center;\">&nbsp;<\/p>\n<p>[\/et_pb_text][et_pb_code _builder_version=&#8220;4.9.6&#8243; _module_preset=&#8220;default&#8220; link_option_url=&#8220;https:\/\/kultura.plus\/kiosk\/events?group=Bs9HNtsbPFw3ohJnn&#8220;][\/et_pb_code][et_pb_divider show_divider=&#8220;off&#8220; _builder_version=&#8220;4.9.6&#8243; _module_preset=&#8220;default&#8220; height=&#8220;100px&#8220;][\/et_pb_divider][et_pb_divider show_divider=&#8220;off&#8220; _builder_version=&#8220;4.9.6&#8243; _module_preset=&#8220;default&#8220; height=&#8220;17px&#8220;][\/et_pb_divider][et_pb_button button_url=&#8220;https:\/\/philipstoll.de\/leistungen&#8220; button_text=&#8220;Meine Leistungen&#8220; _builder_version=&#8220;4.9.6&#8243; _module_preset=&#8220;default&#8220; custom_button=&#8220;on&#8220; button_text_size=&#8220;31px&#8220; button_border_width=&#8220;0px&#8220; button_border_radius=&#8220;0px&#8220; button_icon=&#8220;%%20%%&#8220; button_icon_placement=&#8220;left&#8220; button_on_hover=&#8220;off&#8220; button_text_size_tablet=&#8220;18px&#8220; button_text_size_phone=&#8220;18px&#8220; button_text_size_last_edited=&#8220;on|desktop&#8220;][\/et_pb_button][et_pb_button button_url=&#8220;https:\/\/philipstoll.de\/raumbeispiele&#8220; button_text=&#8220;Raumbeispiele&#8220; _builder_version=&#8220;4.9.6&#8243; _module_preset=&#8220;default&#8220; custom_button=&#8220;on&#8220; button_text_size=&#8220;31px&#8220; button_border_width=&#8220;0px&#8220; button_border_radius=&#8220;0px&#8220; button_icon=&#8220;%%20%%&#8220; button_icon_placement=&#8220;left&#8220; button_on_hover=&#8220;off&#8220; button_text_size_tablet=&#8220;18px&#8220; button_text_size_phone=&#8220;18px&#8220; button_text_size_last_edited=&#8220;on|tablet&#8220;][\/et_pb_button][et_pb_divider show_divider=&#8220;off&#8220; _builder_version=&#8220;4.9.6&#8243; _module_preset=&#8220;default&#8220; height=&#8220;83px&#8220;][\/et_pb_divider][\/et_pb_column][\/et_pb_row][\/et_pb_section][et_pb_section fb_built=&#8220;1&#8243; fullwidth=&#8220;on&#8220; _builder_version=&#8220;4.9.6&#8243; _module_preset=&#8220;default&#8220;][\/et_pb_section][et_pb_section fb_built=&#8220;1&#8243; _builder_version=&#8220;4.9.6&#8243; _module_preset=&#8220;default&#8220;][et_pb_row column_structure=&#8220;1_5,3_5,1_5&#8243; _builder_version=&#8220;4.9.6&#8243; _module_preset=&#8220;default&#8220;][et_pb_column type=&#8220;1_5&#8243; _builder_version=&#8220;4.9.6&#8243; _module_preset=&#8220;default&#8220;][\/et_pb_column][et_pb_column type=&#8220;3_5&#8243; _builder_version=&#8220;4.9.6&#8243; _module_preset=&#8220;default&#8220;][et_pb_text _builder_version=&#8220;4.9.6&#8243; _module_preset=&#8220;default&#8220; text_font=&#8220;|600|||||||&#8220; text_font_size=&#8220;75px&#8220; width_tablet=&#8220;90%&#8220; width_phone=&#8220;90%&#8220; width_last_edited=&#8220;on|tablet&#8220; text_font_size_tablet=&#8220;61px&#8220; text_font_size_phone=&#8220;57px&#8220; text_font_size_last_edited=&#8220;on|phone&#8220; module_alignment_tablet=&#8220;center&#8220; module_alignment_phone=&#8220;center&#8220; module_alignment_last_edited=&#8220;on|tablet&#8220;]<\/p>\n<p style=\"text-align: center;\">Neugierig?<\/p>\n<p>[\/et_pb_text][et_pb_divider show_divider=&#8220;off&#8220; _builder_version=&#8220;4.9.6&#8243; _module_preset=&#8220;default&#8220; height=&#8220;100px&#8220;][\/et_pb_divider][et_pb_image src=&#8220;https:\/\/philipstoll.de\/wp-content\/uploads\/2022\/01\/Unbenanntes_Projekt-a5.jpg&#8220; _builder_version=&#8220;4.9.6&#8243; _module_preset=&#8220;default&#8220; width=&#8220;100%&#8220; width_tablet=&#8220;42%&#8220; width_phone=&#8220;60%&#8220; width_last_edited=&#8220;on|phone&#8220; max_width=&#8220;60%&#8220; max_width_tablet=&#8220;&#8220; max_width_phone=&#8220;&#8220; max_width_last_edited=&#8220;on|tablet&#8220; module_alignment=&#8220;center&#8220; custom_margin=&#8220;-10px||68px||false|false&#8220; module_alignment_tablet=&#8220;&#8220; module_alignment_phone=&#8220;center&#8220; module_alignment_last_edited=&#8220;on|tablet&#8220;][\/et_pb_image][et_pb_text _builder_version=&#8220;4.9.6&#8243; _module_preset=&#8220;default&#8220; text_font=&#8220;|700|||||||&#8220; text_font_size=&#8220;31px&#8220; text_orientation=&#8220;center&#8220; width=&#8220;47%&#8220; width_tablet=&#8220;&#8220; width_phone=&#8220;90%&#8220; width_last_edited=&#8220;on|phone&#8220; max_width=&#8220;100%&#8220; module_alignment=&#8220;center&#8220; text_font_tablet=&#8220;&#8220; text_font_phone=&#8220;&#8220; text_font_last_edited=&#8220;on|tablet&#8220; text_font_size_tablet=&#8220;26px&#8220; text_font_size_phone=&#8220;26px&#8220; text_font_size_last_edited=&#8220;on|tablet&#8220; text_orientation_tablet=&#8220;center&#8220; text_orientation_phone=&#8220;center&#8220; text_orientation_last_edited=&#8220;on|desktop&#8220; module_alignment_tablet=&#8220;&#8220; module_alignment_phone=&#8220;center&#8220; module_alignment_last_edited=&#8220;on|phone&#8220;]<\/p>\n<p>0176 34332209<\/p>\n<p>[\/et_pb_text][\/et_pb_column][et_pb_column type=&#8220;1_5&#8243; _builder_version=&#8220;4.9.6&#8243; _module_preset=&#8220;default&#8220;][\/et_pb_column][\/et_pb_row][et_pb_row _builder_version=&#8220;4.9.6&#8243; _module_preset=&#8220;default&#8220;][et_pb_column type=&#8220;4_4&#8243; _builder_version=&#8220;4.9.6&#8243; _module_preset=&#8220;default&#8220;][et_pb_text _builder_version=&#8220;4.9.6&#8243; _module_preset=&#8220;default&#8220; text_font_size=&#8220;37px&#8220; width=&#8220;47%&#8220; max_width=&#8220;100%&#8220; module_alignment=&#8220;center&#8220;][\/et_pb_text][\/et_pb_column][\/et_pb_row][\/et_pb_section]<\/p>","protected":false},"excerpt":{"rendered":"<p>Community&nbsp; mouse\u00eeon \u03bc\u03bf\u03c5\u03c3\u03b5\u1fd6\u03bf\u03bd, altgriechisch Heiligtum der Musen&nbsp; Kunst mieten: ein Museum in Deinen vier W\u00e4nden. WARUM KUNST MIETEN? Kunst begleitet das Leben und regt Denken, F\u00fchlen und den Willen an. Sie macht uns handlungs- und zukunftsf\u00e4hig f\u00fcr das Wesentliche. Schon vor 200 Jahren wurden Werke vermietet und so unter die Menschen gebracht. Heute w\u00e4hlen auch [&hellip;]<\/p>","protected":false},"author":3,"featured_media":0,"parent":0,"menu_order":0,"comment_status":"closed","ping_status":"closed","template":"","meta":{"_et_pb_use_builder":"on","_et_pb_old_content":"","_et_gb_content_width":"","footnotes":""},"class_list":["post-208075","page","type-page","status-publish","hentry"],"_links":{"self":[{"href":"https:\/\/philipstoll.de\/en\/wp-json\/wp\/v2\/pages\/208075","targetHints":{"allow":["GET"]}}],"collection":[{"href":"https:\/\/philipstoll.de\/en\/wp-json\/wp\/v2\/pages"}],"about":[{"href":"https:\/\/philipstoll.de\/en\/wp-json\/wp\/v2\/types\/page"}],"author":[{"embeddable":true,"href":"https:\/\/philipstoll.de\/en\/wp-json\/wp\/v2\/users\/3"}],"replies":[{"embeddable":true,"href":"https:\/\/philipstoll.de\/en\/wp-json\/wp\/v2\/comments?post=208075"}],"version-history":[{"count":3,"href":"https:\/\/philipstoll.de\/en\/wp-json\/wp\/v2\/pages\/208075\/revisions"}],"predecessor-version":[{"id":208082,"href":"https:\/\/philipstoll.de\/en\/wp-json\/wp\/v2\/pages\/208075\/revisions\/208082"}],"wp:attachment":[{"href":"https:\/\/philipstoll.de\/en\/wp-json\/wp\/v2\/media?parent=208075"}],"curies":[{"name":"wp","href":"https:\/\/api.w.org\/{rel}","templated":true}]}}