{"id":207486,"date":"2022-07-30T14:12:51","date_gmt":"2022-07-30T14:12:51","guid":{"rendered":"https:\/\/philipstoll.de\/?page_id=207486"},"modified":"2024-04-03T21:32:53","modified_gmt":"2024-04-03T19:32:53","slug":"vita-ausstellungen-workshops","status":"publish","type":"page","link":"https:\/\/philipstoll.de\/en\/vita-ausstellungen-workshops\/","title":{"rendered":"VITA-Ausstellungen- Workshops"},"content":{"rendered":"<p>[et_pb_section fb_built=&#8220;1&#8243; admin_label=&#8220;Section&#8220; _builder_version=&#8220;4.16&#8243; saved_tabs=&#8220;all&#8220; global_colors_info=&#8220;{}&#8220;][et_pb_row _builder_version=&#8220;4.16&#8243; _module_preset=&#8220;default&#8220; max_width=&#8220;889px&#8220; global_colors_info=&#8220;{}&#8220;][et_pb_column type=&#8220;4_4&#8243; _builder_version=&#8220;4.16&#8243; _module_preset=&#8220;default&#8220; global_colors_info=&#8220;{}&#8220;][et_pb_text _builder_version=&#8220;4.24.2&#8243; _module_preset=&#8220;default&#8220; text_font=&#8220;||||||||&#8220; text_font_size=&#8220;26px&#8220; text_line_height=&#8220;1.3em&#8220; text_orientation=&#8220;justified&#8220; max_width=&#8220;85%&#8220; module_alignment=&#8220;center&#8220; hover_enabled=&#8220;0&#8243; text_font_size_tablet=&#8220;18px&#8220; text_font_size_phone=&#8220;&#8220; text_font_size_last_edited=&#8220;on|phone&#8220; global_colors_info=&#8220;{}&#8220; sticky_enabled=&#8220;0&#8243;]<\/p>\n<p style=\"text-align: left;\"><strong>\u00a0<\/strong><\/p>\n<p style=\"text-align: left;\">WORKSHOPS<\/p>\n<p>&nbsp;<\/p>\n<p>WITTOPIA, Zukunftslabor zu globalen Grenzen und Nachhaltigkeit, Weniger e.V., Witten (2023)<\/p>\n<p>WITTOPIA, Zukunftslabor zu kreativer Stadtentwicklung, YRYS-Festival, Witten (2023)<\/p>\n<p>Kunst, Transformation und Stadgestaltung, B\u00fcrgergespr\u00e4ch, der B\u00fcrgermeister, Rathaus Witten, (2023)<\/p>\n<p>Ecology of Consciousness, Stiftung Guldf\u00e4llen u. Stiftung Skillebyholm, Skillebyholm, Schweden (2023)<\/p>\n<p>Inner Connections, Making Climates, conference, Kulturhuset Ytterj\u00e4rna, J\u00e4rna, Sweden (2023)<\/p>\n<p>Zukunftswerkstatt &#8222;Potentiale des Felke-Heil-und Aktivwaldes entfalten&#8220;, Konzeption und Moderation eines B\u00fcrgerbeteiligungsprozesses, Verbandsgemeinde Nahe-Glan, Felkestadt Bad-Sobernheim und Forstamt Bad Sobernheim, Bad Sobernheim (2022)<\/p>\n<p>Wege des Verlebendigens am Welthorizont. Regenerieren &#8211; Wir-Felder schaffen &#8211; inspirieren, Workshop und Impulsvortrag, Erd-Charta und Erdfest-Initiative, Magdeburg (2022)<\/p>\n<p style=\"text-align: left;\">Regenerationstraining: Wahrnehmung, Wasser, Biodiversit\u00e4t, Moderation, Netzwerk \u00d6kologie des Bewusstseins, fakt21 Kulturgemeinschaft Bochum, Ministerium f\u00fcr Umwelt, Landwirtschaft, Natur- und Verbraucherschutz und Stiftung Umwelt und Entwicklung NRW, Bochum (2022)<\/p>\n<p style=\"text-align: left;\">Das Wasser weist den Weg, Moderation, fakt21 Kulturgemeinschaft und Stiftung Umwelt und Entwicklung NRW, Witten (2021)<\/p>\n<p style=\"text-align: left;\">Potentialsentfaltung und Aufmerksamkeit, Waldorf Institut Witten Annen, Witten (2021)<\/p>\n<p style=\"text-align: left;\">\u00d6kologie des Bewusstseins Thementag\/Konferenz, Konferenz-Moderation, fakt21 Kulturgemeinschaft Bochum, Ministerium f\u00fcr Umwelt, Landwirtschaft, Natur- und Verbraucherschutz und Stiftung Umwelt und Entwicklung NRW, Bochum (2021)<\/p>\n<p style=\"text-align: left;\">Transformatives Lernen und Potentialsentfaltung im Gesundheitswesen, Co-Moderation, Studium Fundamentale, Gemeinschaftsprojekt mit der Universit\u00e4t Witten\/Herdecke, Witten (2021)<\/p>\n<p style=\"text-align: left;\">The Art of Global Social Witnessing, GSW-Conference, Ubigity Universit\u00e4t und Universit\u00e4t Witten\/Herdecke, Witten\u00a0 (2020)<\/p>\n<p style=\"text-align: left;\">Transformatives Lernen und Potentialsentfaltung im Gesundheitswesen, Co-Moderation, Studium Fundamentale, Gemeinschaftsprojekt mit der Universit\u00e4t Witten\/Herdecke, Witten (2020)<\/p>\n<p style=\"text-align: left;\">Natur Neu Sehen, Integr. Begleitstudium Anthrop. Medizin, Universit\u00e4t Witten\/Herdecke, Witten (2020)<\/p>\n<p style=\"text-align: left;\">Vers\u00f6hnung, Aufmerksamkeit und Kunst, Konferenz Overcoming Violence zum 25. Jahrestag des Genozids in Ruanda, Kivu, Ruanda (2019)<\/p>\n<p style=\"text-align: left;\">The Listeners Project, Showroom Geibelstrasse 2, K\u00f6ln (2018)<\/p>\n<p style=\"text-align: left;\">Neues Sehen der Landschaft, in Cooperation mit der Akademie f\u00fcr angewandte Vegetationskunde, Witten (2018)<\/p>\n<p style=\"text-align: left;\">Wahrnehmung, Potentialsentfaltung und Transformation, Kongress Soziale Zukunft, Bochum (2016)<\/p>\n<p style=\"text-align: left;\">Lystna Nu\/Listen Now, Kulturzentrum Ytterj\u00e4rna (2014)<\/p>\n<p style=\"text-align: left;\">K\u00fcnstlerisch Potentiale entfalten, F\u00fchrungskr\u00e4fte-Workshop f\u00fcr Top-und Mittelmanagement, Scania AB, S\u00f6dert\u00e4lje, Schweden (2014)<\/p>\n<p style=\"text-align: left;\">WeSea, Konferenz zur Zusammenarbeit baltischer Ostsee-\u00d6kologieprojekte, Co-Inititor, Moderation, J\u00e4rna, Schweden (2012)<\/p>\n<p style=\"text-align: left;\">Terra Parzifal, Konferenz des Slovenischen Kulturbotschafters, Workshop, Maribor, Slovenien (2012)<\/p>\n<p>[\/et_pb_text][et_pb_button button_url=&#8220;https:\/\/philipstoll.de\/workshop&#8220; button_text=&#8220;Workshop&#8220; _builder_version=&#8220;4.16&#8243; _module_preset=&#8220;default&#8220; custom_button=&#8220;on&#8220; button_text_size=&#8220;18px&#8220; button_border_width=&#8220;0px&#8220; button_icon=&#8220;&#x35;||divi||400&#8243; button_icon_placement=&#8220;left&#8220; button_on_hover=&#8220;off&#8220; global_colors_info=&#8220;{}&#8220;][\/et_pb_button][et_pb_button button_url=&#8220;https:\/\/philipstoll.de\/ueber-meinmuseum&#8220; button_text=&#8220;\u00dcber&#8220; _builder_version=&#8220;4.16&#8243; _module_preset=&#8220;default&#8220; custom_button=&#8220;on&#8220; button_text_size=&#8220;18px&#8220; button_border_width=&#8220;0px&#8220; button_icon=&#8220;&#x35;||divi||400&#8243; button_icon_placement=&#8220;left&#8220; button_on_hover=&#8220;off&#8220; global_colors_info=&#8220;{}&#8220;][\/et_pb_button][\/et_pb_column][\/et_pb_row][\/et_pb_section]<\/p>","protected":false},"excerpt":{"rendered":"<p>\u00a0 WORKSHOPS &nbsp; WITTOPIA, Zukunftslabor zu globalen Grenzen und Nachhaltigkeit, Weniger e.V., Witten (2023) WITTOPIA, Zukunftslabor zu kreativer Stadtentwicklung, YRYS-Festival, Witten (2023) Kunst, Transformation und Stadgestaltung, B\u00fcrgergespr\u00e4ch, der B\u00fcrgermeister, Rathaus Witten, (2023) Ecology of Consciousness, Stiftung Guldf\u00e4llen u. Stiftung Skillebyholm, Skillebyholm, Schweden (2023) Inner Connections, Making Climates, conference, Kulturhuset Ytterj\u00e4rna, J\u00e4rna, Sweden (2023) Zukunftswerkstatt &#8222;Potentiale [&hellip;]<\/p>","protected":false},"author":3,"featured_media":0,"parent":0,"menu_order":0,"comment_status":"closed","ping_status":"closed","template":"","meta":{"_et_pb_use_builder":"on","_et_pb_old_content":"","_et_gb_content_width":"","footnotes":""},"class_list":["post-207486","page","type-page","status-publish","hentry"],"_links":{"self":[{"href":"https:\/\/philipstoll.de\/en\/wp-json\/wp\/v2\/pages\/207486","targetHints":{"allow":["GET"]}}],"collection":[{"href":"https:\/\/philipstoll.de\/en\/wp-json\/wp\/v2\/pages"}],"about":[{"href":"https:\/\/philipstoll.de\/en\/wp-json\/wp\/v2\/types\/page"}],"author":[{"embeddable":true,"href":"https:\/\/philipstoll.de\/en\/wp-json\/wp\/v2\/users\/3"}],"replies":[{"embeddable":true,"href":"https:\/\/philipstoll.de\/en\/wp-json\/wp\/v2\/comments?post=207486"}],"version-history":[{"count":15,"href":"https:\/\/philipstoll.de\/en\/wp-json\/wp\/v2\/pages\/207486\/revisions"}],"predecessor-version":[{"id":208471,"href":"https:\/\/philipstoll.de\/en\/wp-json\/wp\/v2\/pages\/207486\/revisions\/208471"}],"wp:attachment":[{"href":"https:\/\/philipstoll.de\/en\/wp-json\/wp\/v2\/media?parent=207486"}],"curies":[{"name":"wp","href":"https:\/\/api.w.org\/{rel}","templated":true}]}}