{"id":206123,"date":"2021-10-25T08:00:18","date_gmt":"2021-10-25T08:00:18","guid":{"rendered":"https:\/\/philipstoll.de\/?page_id=206123"},"modified":"2023-04-27T15:56:37","modified_gmt":"2023-04-27T15:56:37","slug":"im-gespraech","status":"publish","type":"page","link":"https:\/\/philipstoll.de\/en\/im-gespraech\/","title":{"rendered":"TALKS"},"content":{"rendered":"<p>[et_pb_section fb_built=&#8220;1&#8243; _builder_version=&#8220;4.9.6&#8243; _module_preset=&#8220;default&#8220; height=&#8220;1000px&#8220; custom_margin=&#8220;||67px|||&#8220; custom_padding=&#8220;||97px|||&#8220; custom_css_main_element=&#8220;height: 100vh&#8220;][et_pb_row _builder_version=&#8220;4.9.6&#8243; _module_preset=&#8220;default&#8220; min_height=&#8220;978.2px&#8220;][et_pb_column type=&#8220;4_4&#8243; _builder_version=&#8220;4.9.6&#8243; _module_preset=&#8220;default&#8220;][et_pb_divider show_divider=&#8220;off&#8220; admin_label=&#8220;Teiler&#8220; _builder_version=&#8220;4.9.6&#8243; _module_preset=&#8220;default&#8220;][\/et_pb_divider][et_pb_text _builder_version=&#8220;4.9.6&#8243; _module_preset=&#8220;default&#8220;]<\/p>\n<h4 class=\"entry-title\" style=\"text-align: center;\">Thrive Talk #13\u00a0<\/h4>\n<p>[\/et_pb_text][et_pb_code _builder_version=&#8220;4.9.6&#8243; _module_preset=&#8220;default&#8220; link_option_url_new_window=&#8220;on&#8220;]<!-- [et_pb_line_break_holder] --><\/p>\n<div style=\"text-align: center;\"> <iframe title=\"Podlove Web Player: Thrive Talk - #13 \u2013 Philip Stoll \u00fcber Wahrnehmungsschulung, Renaturierung von \u00d6kosystemen und selbst erschaffene Lernr\u00e4ume | Teil 1\" height=\"200\" src=\"https:\/\/podcast.moritzbinder.com\/wp-content\/plugins\/podlove-web-player\/web-player\/share.html?config=https%3A%2F%2Fpodcast.moritzbinder.com%2Fwp-json%2Fpodlove-web-player%2Fshortcode%2Fconfig%2Fdefault%2Ftheme%2Fpodcast&#038;episode=https%3A%2F%2Fpodcast.moritzbinder.com%2Fwp-json%2Fpodlove-web-player%2Fshortcode%2Fpublisher%2F305\" frameborder=\"0\" scrolling=\"no\" tabindex=\"0\"><\/iframe> <\/div>\n<p><!-- [et_pb_line_break_holder] --><!-- [et_pb_line_break_holder] -->[\/et_pb_code][et_pb_text _builder_version=&#8220;4.9.6&#8243; _module_preset=&#8220;default&#8220;]<\/p>\n<h4 class=\"entry-title\" style=\"text-align: center;\">Thrive Talk #14<\/h4>\n<p>[\/et_pb_text][et_pb_code _builder_version=&#8220;4.9.6&#8243; _module_preset=&#8220;default&#8220;]<\/p>\n<div style=\"text-align: center;\"> <iframe title=\"Podlove Web Player: Thrive Talk - #14 \u2013 Philip Stoll \u00fcber transformatives Lernen, Pers\u00f6nlichkeitsentwicklung im Arztberuf und \u00d6kologie des Bewusstseins | Teil 2\" height=\"200\" src=\"https:\/\/podcast.moritzbinder.com\/wp-content\/plugins\/podlove-web-player\/web-player\/share.html?config=https%3A%2F%2Fpodcast.moritzbinder.com%2Fwp-json%2Fpodlove-web-player%2Fshortcode%2Fconfig%2Fdefault%2Ftheme%2Fpodcast&#038;episode=https%3A%2F%2Fpodcast.moritzbinder.com%2Fwp-json%2Fpodlove-web-player%2Fshortcode%2Fpublisher%2F309\" frameborder=\"0\" scrolling=\"no\" tabindex=\"0\"><\/iframe> <\/div>\n<p>[\/et_pb_code][et_pb_text _builder_version=&#8220;4.9.6&#8243; _module_preset=&#8220;default&#8220;]<\/p>\n<h4 class=\"entry-title\" style=\"text-align: center;\">Stadt-Gespr\u00e4ch Aufzeichnung<\/h4>\n<p>[\/et_pb_text][et_pb_audio title=&#8220;Erkundungen am Epochenrand&#8220; artist_name=&#8220;Stadtmuseum Bonn&#8220; _builder_version=&#8220;4.9.6&#8243; _module_preset=&#8220;default&#8220; background_color=&#8220;#3fa6f4&#8243; width=&#8220;28%&#8220; module_alignment=&#8220;center&#8220; link_option_url=&#8220;https:\/\/soundcloud.com\/u-atzpodien\/fishbowl-erkundungen-am-epochenrand-11323?utm_source=clipboard&#038;utm_medium=text&#038;utm_campaign=social_sharing&#8220; hover_enabled=&#8220;0&#8243; link_option_url_new_window=&#8220;on&#8220; sticky_enabled=&#8220;0&#8243;][\/et_pb_audio][\/et_pb_column][\/et_pb_row][\/et_pb_section]<\/p>","protected":false},"excerpt":{"rendered":"<p>Thrive Talk #13\u00a0Thrive Talk #14Stadt-Gespr\u00e4ch Aufzeichnung<\/p>","protected":false},"author":3,"featured_media":0,"parent":0,"menu_order":0,"comment_status":"closed","ping_status":"closed","template":"","meta":{"_et_pb_use_builder":"on","_et_pb_old_content":"","_et_gb_content_width":"","footnotes":""},"class_list":["post-206123","page","type-page","status-publish","hentry"],"_links":{"self":[{"href":"https:\/\/philipstoll.de\/en\/wp-json\/wp\/v2\/pages\/206123","targetHints":{"allow":["GET"]}}],"collection":[{"href":"https:\/\/philipstoll.de\/en\/wp-json\/wp\/v2\/pages"}],"about":[{"href":"https:\/\/philipstoll.de\/en\/wp-json\/wp\/v2\/types\/page"}],"author":[{"embeddable":true,"href":"https:\/\/philipstoll.de\/en\/wp-json\/wp\/v2\/users\/3"}],"replies":[{"embeddable":true,"href":"https:\/\/philipstoll.de\/en\/wp-json\/wp\/v2\/comments?post=206123"}],"version-history":[{"count":17,"href":"https:\/\/philipstoll.de\/en\/wp-json\/wp\/v2\/pages\/206123\/revisions"}],"predecessor-version":[{"id":208231,"href":"https:\/\/philipstoll.de\/en\/wp-json\/wp\/v2\/pages\/206123\/revisions\/208231"}],"wp:attachment":[{"href":"https:\/\/philipstoll.de\/en\/wp-json\/wp\/v2\/media?parent=206123"}],"curies":[{"name":"wp","href":"https:\/\/api.w.org\/{rel}","templated":true}]}}