{"id":204994,"date":"2021-07-02T12:41:10","date_gmt":"2021-07-02T12:41:10","guid":{"rendered":"https:\/\/philipstoll.de\/?page_id=204994"},"modified":"2024-09-10T09:34:09","modified_gmt":"2024-09-10T07:34:09","slug":"waldpark-oase","status":"publish","type":"page","link":"https:\/\/philipstoll.de\/en\/waldpark-oase\/","title":{"rendered":"Waldpark Oase Mannheim"},"content":{"rendered":"<p>[et_pb_section fb_built=&#8220;1&#8243; _builder_version=&#8220;4.16&#8243; _module_preset=&#8220;default&#8220; width=&#8220;99.8%&#8220; module_alignment=&#8220;center&#8220; custom_margin=&#8220;||-36px|||&#8220; global_colors_info=&#8220;{}&#8220;][et_pb_row use_custom_gutter=&#8220;on&#8220; _builder_version=&#8220;4.16&#8243; _module_preset=&#8220;default&#8220; width=&#8220;49%&#8220; max_width_tablet=&#8220;&#8220; max_width_phone=&#8220;&#8220; max_width_last_edited=&#8220;on|desktop&#8220; custom_margin=&#8220;||24px||false|false&#8220; global_colors_info=&#8220;{}&#8220;][et_pb_column type=&#8220;4_4&#8243; _builder_version=&#8220;4.16&#8243; _module_preset=&#8220;default&#8220; global_colors_info=&#8220;{}&#8220;][et_pb_image src=&#8220;https:\/\/philipstoll.de\/wp-content\/uploads\/2021\/07\/Walpark-Kartejpg-2-scaled.jpg&#8220; align=&#8220;center&#8220; _builder_version=&#8220;4.16&#8243; _module_preset=&#8220;default&#8220; width=&#8220;100%&#8220; max_width=&#8220;100%&#8220; custom_margin=&#8220;-27px||||false|false&#8220; global_colors_info=&#8220;{}&#8220;][\/et_pb_image][et_pb_divider show_divider=&#8220;off&#8220; _builder_version=&#8220;4.16&#8243; _module_preset=&#8220;default&#8220; height=&#8220;250px&#8220; global_colors_info=&#8220;{}&#8220;][\/et_pb_divider][et_pb_image src=&#8220;https:\/\/philipstoll.de\/wp-content\/uploads\/2021\/07\/IMG_0105.jpg&#8220; _builder_version=&#8220;4.16&#8243; _module_preset=&#8220;default&#8220; global_colors_info=&#8220;{}&#8220;][\/et_pb_image][et_pb_divider show_divider=&#8220;off&#8220; _builder_version=&#8220;4.16&#8243; _module_preset=&#8220;default&#8220; height=&#8220;250px&#8220; global_colors_info=&#8220;{}&#8220;][\/et_pb_divider][et_pb_image src=&#8220;https:\/\/philipstoll.de\/wp-content\/uploads\/2021\/07\/IMG_2643-scaled.jpg&#8220; _builder_version=&#8220;4.16&#8243; _module_preset=&#8220;default&#8220; global_colors_info=&#8220;{}&#8220;][\/et_pb_image][et_pb_divider show_divider=&#8220;off&#8220; _builder_version=&#8220;4.16&#8243; _module_preset=&#8220;default&#8220; height=&#8220;250px&#8220; global_colors_info=&#8220;{}&#8220;][\/et_pb_divider][et_pb_image src=&#8220;https:\/\/philipstoll.de\/wp-content\/uploads\/2021\/07\/IMG_0106.jpg&#8220; _builder_version=&#8220;4.16&#8243; _module_preset=&#8220;default&#8220; global_colors_info=&#8220;{}&#8220;][\/et_pb_image][et_pb_divider show_divider=&#8220;off&#8220; _builder_version=&#8220;4.16&#8243; _module_preset=&#8220;default&#8220; height=&#8220;250px&#8220; global_colors_info=&#8220;{}&#8220;][\/et_pb_divider][et_pb_image src=&#8220;https:\/\/philipstoll.de\/wp-content\/uploads\/2021\/07\/IMG_0110.jpg&#8220; _builder_version=&#8220;4.16&#8243; _module_preset=&#8220;default&#8220; global_colors_info=&#8220;{}&#8220;][\/et_pb_image][et_pb_divider show_divider=&#8220;off&#8220; _builder_version=&#8220;4.16&#8243; _module_preset=&#8220;default&#8220; height=&#8220;250px&#8220; global_colors_info=&#8220;{}&#8220;][\/et_pb_divider][et_pb_image src=&#8220;https:\/\/philipstoll.de\/wp-content\/uploads\/2021\/07\/waldpark.jpg&#8220; _builder_version=&#8220;4.16&#8243; _module_preset=&#8220;default&#8220; global_colors_info=&#8220;{}&#8220;][\/et_pb_image][et_pb_divider show_divider=&#8220;off&#8220; _builder_version=&#8220;4.16&#8243; _module_preset=&#8220;default&#8220; height=&#8220;309px&#8220; global_colors_info=&#8220;{}&#8220;][\/et_pb_divider][et_pb_video src=&#8220;https:\/\/vimeo.com\/571642253&#8243; _builder_version=&#8220;4.16&#8243; _module_preset=&#8220;default&#8220; global_colors_info=&#8220;{}&#8220;][\/et_pb_video][et_pb_text _builder_version=&#8220;4.16&#8243; _module_preset=&#8220;default&#8220; text_text_color=&#8220;#23282D&#8220; global_colors_info=&#8220;{}&#8220;]<\/p>\n<p>&#8222;Das Potential des Waldparks ist gro\u00df. Wie w\u00e4re es, wenn seine von vielen Menschen genutzten Wiesen, Auen, Wasserl\u00e4ufe, sein Urwald und Park, lebendige Biotope der Vielfalt w\u00fcrden &#8211; f\u00fcr Insekten und V\u00f6gel, f\u00fcr die Pflanzenwelt und den Menschen?&#8220;<\/p>\n<p><em>Philip Stoll, Mannheimer Morgen, 2019<\/em><\/p>\n<p>[\/et_pb_text][\/et_pb_column][\/et_pb_row][\/et_pb_section][et_pb_section fb_built=&#8220;1&#8243; _builder_version=&#8220;4.16&#8243; _module_preset=&#8220;default&#8220; module_alignment=&#8220;center&#8220; custom_padding=&#8220;12px|||||&#8220; global_colors_info=&#8220;{}&#8220;][et_pb_row admin_label=&#8220;Row&#8220; module_class=&#8220; et_pb_row_fullwidth&#8220; _builder_version=&#8220;4.16&#8243; background_size=&#8220;initial&#8220; background_position=&#8220;top_left&#8220; background_repeat=&#8220;repeat&#8220; width=&#8220;89%&#8220; width_tablet=&#8220;80%&#8220; width_phone=&#8220;&#8220; width_last_edited=&#8220;on|desktop&#8220; max_width=&#8220;89%&#8220; max_width_tablet=&#8220;80%&#8220; max_width_phone=&#8220;&#8220; max_width_last_edited=&#8220;on|desktop&#8220; custom_margin=&#8220;5px|||&#8220; custom_padding=&#8220;1px|||&#8220; make_fullwidth=&#8220;on&#8220; use_custom_width=&#8220;off&#8220; width_unit=&#8220;on&#8220; global_colors_info=&#8220;{}&#8220;][et_pb_column type=&#8220;4_4&#8243; _builder_version=&#8220;4.16&#8243; custom_padding=&#8220;|||&#8220; global_colors_info=&#8220;{}&#8220; custom_padding__hover=&#8220;|||&#8220;][et_pb_text admin_label=&#8220;Copyright Text &#8220; _builder_version=&#8220;4.16&#8243; text_font=&#8220;|300|||||||&#8220; text_text_color=&#8220;#939393&#8243; background_size=&#8220;initial&#8220; background_position=&#8220;top_left&#8220; background_repeat=&#8220;repeat&#8220; text_orientation=&#8220;center&#8220; module_alignment=&#8220;center&#8220; use_border_color=&#8220;off&#8220; border_color=&#8220;#ffffff&#8220; border_style=&#8220;solid&#8220; global_colors_info=&#8220;{}&#8220;]<\/p>\n<p>All images are copyrighted by Philip Stoll<\/p>\n<p>[\/et_pb_text][\/et_pb_column][\/et_pb_row][\/et_pb_section]<\/p>","protected":false},"excerpt":{"rendered":"<p>&#8222;Das Potential des Waldparks ist gro\u00df. Wie w\u00e4re es, wenn seine von vielen Menschen genutzten Wiesen, Auen, Wasserl\u00e4ufe, sein Urwald und Park, lebendige Biotope der Vielfalt w\u00fcrden &#8211; f\u00fcr Insekten und V\u00f6gel, f\u00fcr die Pflanzenwelt und den Menschen?&#8220; Philip Stoll, Mannheimer Morgen, 2019All images are copyrighted by Philip Stoll<\/p>","protected":false},"author":3,"featured_media":0,"parent":0,"menu_order":0,"comment_status":"closed","ping_status":"closed","template":"","meta":{"_et_pb_use_builder":"on","_et_pb_old_content":"","_et_gb_content_width":"","footnotes":""},"class_list":["post-204994","page","type-page","status-publish","hentry"],"_links":{"self":[{"href":"https:\/\/philipstoll.de\/en\/wp-json\/wp\/v2\/pages\/204994","targetHints":{"allow":["GET"]}}],"collection":[{"href":"https:\/\/philipstoll.de\/en\/wp-json\/wp\/v2\/pages"}],"about":[{"href":"https:\/\/philipstoll.de\/en\/wp-json\/wp\/v2\/types\/page"}],"author":[{"embeddable":true,"href":"https:\/\/philipstoll.de\/en\/wp-json\/wp\/v2\/users\/3"}],"replies":[{"embeddable":true,"href":"https:\/\/philipstoll.de\/en\/wp-json\/wp\/v2\/comments?post=204994"}],"version-history":[{"count":57,"href":"https:\/\/philipstoll.de\/en\/wp-json\/wp\/v2\/pages\/204994\/revisions"}],"predecessor-version":[{"id":208533,"href":"https:\/\/philipstoll.de\/en\/wp-json\/wp\/v2\/pages\/204994\/revisions\/208533"}],"wp:attachment":[{"href":"https:\/\/philipstoll.de\/en\/wp-json\/wp\/v2\/media?parent=204994"}],"curies":[{"name":"wp","href":"https:\/\/api.w.org\/{rel}","templated":true}]}}